{"id":2447,"date":"2022-04-08T06:48:15","date_gmt":"2022-04-08T06:48:15","guid":{"rendered":"http:\/\/www.eurodesignhotel.com\/?page_id=2447"},"modified":"2022-04-29T10:39:30","modified_gmt":"2022-04-29T10:39:30","slug":"nearby","status":"publish","type":"page","link":"https:\/\/eurodesignhotel.com\/en\/nearby\/","title":{"rendered":"Nearby"},"content":{"rendered":"<div class=\"wpb-content-wrapper\"><p>[vc_row content_placement=&#8221;middle&#8221;][vc_column css=&#8221;.vc_custom_1650967025872{margin-top: 50px !important;margin-bottom: 10px !important;padding-top: 100px !important;padding-bottom: 100px !important;}&#8221; offset=&#8221;vc_hidden-sm vc_hidden-xs&#8221;][vc_column_text el_class=&#8221;nd_options_text_align_center_responsive&#8221;]<\/p>\n<h3 style=\"text-align: left;\"><strong>Topkapi Palace<\/strong><\/h3>\n<p><span style=\"font-weight: 400;\">Topkap\u0131 Palace is located in one of the oldest historical regions of Istanbul. Located on the historical Istanbul peninsula between the Marmara Sea, the Bosphorus and the Golden Horn, the palace is one of the iconic structures of Istanbul.\u00a0It is 15 minutes by walking from Euro Design Hotel.<\/span>[\/vc_column_text][\/vc_column][vc_column width=&#8221;1\/2&#8243; offset=&#8221;vc_hidden-md vc_hidden-sm vc_hidden-xs&#8221;][vc_single_image image=&#8221;2753&#8243; img_size=&#8221;full&#8221;][\/vc_column][vc_column width=&#8221;1\/2&#8243; offset=&#8221;vc_hidden-md vc_hidden-sm vc_hidden-xs&#8221;][vc_single_image image=&#8221;2761&#8243; img_size=&#8221;full&#8221;][\/vc_column][vc_column offset=&#8221;vc_hidden-md vc_hidden-sm vc_hidden-xs&#8221;][vc_column_text el_class=&#8221;nd_options_text_align_center_responsive&#8221;]<\/p>\n<h3 style=\"text-align: left;\"><strong>Hagia Sophia<\/strong><\/h3>\n<p><span style=\"font-weight: 400;\">Hagia Sophia -Hagia Sophia Mosque, formerly Hagia Sophia Church or Hagia Sophia Museum, is a mosque, former basilica, cathedral and museum in Istanbul. It is located in Sultanahmet Square. It is a 15-minute walk from Euro Design Hotel.<\/span><\/p>\n<p>[\/vc_column_text][\/vc_column][vc_column offset=&#8221;vc_hidden-md vc_hidden-sm vc_hidden-xs&#8221;][vc_single_image image=&#8221;2764&#8243; img_size=&#8221;full&#8221;][\/vc_column][vc_column offset=&#8221;vc_hidden-md vc_hidden-sm vc_hidden-xs&#8221;][vc_column_text el_class=&#8221;nd_options_text_align_center_responsive&#8221;]<\/p>\n<h3 style=\"text-align: left;\"><strong>Dolmabah\u00e7e Palace<\/strong><\/h3>\n<p><span style=\"font-weight: 400;\">The coastal area of Be\u015fikta\u015f, where Dolmabah\u00e7e Palace is located, is an area that has been the scene of shipping activities in the past as one of the bays of the Bosphorus. This bay, which was a natural harbor for ships to take refuge since antiquity, also attracted the rulers during the Byzantine period and royal palaces were built in this region. It is 25 minutes by TRAIN from Euro Design Hotel.<br \/>\n<\/span>[\/vc_column_text][\/vc_column][vc_column offset=&#8221;vc_hidden-md vc_hidden-sm vc_hidden-xs&#8221;][vc_single_image image=&#8221;2767&#8243; img_size=&#8221;full&#8221;][\/vc_column][vc_column offset=&#8221;vc_hidden-md vc_hidden-sm vc_hidden-xs&#8221;][vc_column_text el_class=&#8221;nd_options_text_align_center_responsive&#8221;]<\/p>\n<h3 style=\"text-align: left;\"><strong>Yeni Camii<\/strong><\/h3>\n<p><span style=\"font-weight: 400;\">The mosque, located in Eminonu Square, was built in 1665. It is still in the restoration process. It is 10 minutes by walking from Euro Design Hotel.<\/span><\/p>\n<p>[\/vc_column_text][\/vc_column][vc_column offset=&#8221;vc_hidden-md vc_hidden-sm vc_hidden-xs&#8221;][vc_single_image image=&#8221;2818&#8243; img_size=&#8221;full&#8221;][\/vc_column][vc_column offset=&#8221;vc_hidden-md vc_hidden-sm vc_hidden-xs&#8221;][vc_column_text el_class=&#8221;nd_options_text_align_center_responsive&#8221;]<\/p>\n<h3 style=\"text-align: left;\"><strong>M\u0131s\u0131r \u00c7ar\u015f\u0131s\u0131<\/strong><\/h3>\n<p><span style=\"font-weight: 400;\">One of the oldest covered bazaars in \u0130stanbul, the Egyptian Bazaar is located in the Emin\u00f6n\u00fc district of \u0130stanbul, behind New Mosque and adjacent to the Flower Market. Continuing its existence since 17th century, the Egyptian Bazaar . It is 10 minutes by walking from Euro Design Hotel<\/span>[\/vc_column_text][\/vc_column][vc_column offset=&#8221;vc_hidden-md vc_hidden-sm vc_hidden-xs&#8221;][vc_single_image image=&#8221;2816&#8243; img_size=&#8221;full&#8221;][\/vc_column][vc_column offset=&#8221;vc_hidden-md vc_hidden-sm vc_hidden-xs&#8221;][vc_column_text el_class=&#8221;nd_options_text_align_center_responsive&#8221;]<\/p>\n<h3 style=\"text-align: left;\"><strong>Galata Kulesi<\/strong><\/h3>\n<p><span style=\"font-weight: 400;\">The Galata Tower or with the current official name Galata Kulesi Museum is a tower in the Beyo\u011flu district of Istanbul, Turkey It takes its name from the Galata warehouse where it is located. It takes 20 minutes to reach Euro Design Hotel.<br \/>\n<\/span>[\/vc_column_text][\/vc_column][vc_column width=&#8221;3\/4&#8243; offset=&#8221;vc_hidden-md vc_hidden-sm vc_hidden-xs&#8221;][vc_single_image image=&#8221;2820&#8243; img_size=&#8221;full&#8221;][\/vc_column][vc_column width=&#8221;1\/4&#8243; offset=&#8221;vc_hidden-md vc_hidden-sm vc_hidden-xs&#8221;][vc_single_image image=&#8221;2822&#8243; img_size=&#8221;full&#8221;][\/vc_column][vc_column offset=&#8221;vc_hidden-md vc_hidden-sm vc_hidden-xs&#8221;][vc_column_text el_class=&#8221;nd_options_text_align_center_responsive&#8221;]<\/p>\n<h3 style=\"text-align: left;\"><strong>Yerebatan Sarn\u0131c\u0131<\/strong><\/h3>\n<p><span style=\"font-weight: 400;\">One of the magnificent ancient buildings of \u0130stanbul is the Basilica Cistern located in the southwest of Hagia Sofia. It is 10 minutes by walking from Euro Design Hotel.<\/span><\/p>\n<p>[\/vc_column_text][\/vc_column][vc_column width=&#8221;1\/2&#8243; offset=&#8221;vc_hidden-md vc_hidden-sm vc_hidden-xs&#8221;][vc_single_image image=&#8221;2825&#8243; img_size=&#8221;full&#8221;][\/vc_column][vc_column width=&#8221;1\/2&#8243; offset=&#8221;vc_hidden-md vc_hidden-sm vc_hidden-xs&#8221;][vc_single_image image=&#8221;2830&#8243; img_size=&#8221;full&#8221;][\/vc_column][vc_column offset=&#8221;vc_hidden-md vc_hidden-sm vc_hidden-xs&#8221;][vc_column_text el_class=&#8221;nd_options_text_align_center_responsive&#8221;]<\/p>\n<h3 style=\"text-align: left;\"><strong>Aya \u0130rini Kilisesi<\/strong><\/h3>\n<p><span style=\"font-weight: 400;\">Hagia sometimes known also as Saint Irene, is an Eastern Orthodox church located in the outer courtyard of Topkap\u0131 Palace in Istanbul. . It is 10 minutes by walking from Euro Design Hotel.<\/span>[\/vc_column_text][\/vc_column][vc_column offset=&#8221;vc_hidden-md vc_hidden-sm vc_hidden-xs&#8221;][vc_single_image image=&#8221;2833&#8243; img_size=&#8221;full&#8221;][\/vc_column][vc_column offset=&#8221;vc_hidden-md vc_hidden-sm vc_hidden-xs&#8221;][vc_column_text el_class=&#8221;nd_options_text_align_center_responsive&#8221;]<\/p>\n<h3 style=\"text-align: left;\"><strong>Kapal\u0131 \u00c7ar\u015f\u0131<\/strong><\/h3>\n<p><span style=\"font-weight: 400;\">The Grand in Istanbul is one of the largest and oldest covered markets in the world, with 61 covered streets and over 4,000 shops. It is 10 minutes by walking from Euro Design Hotel.<br \/>\n<\/span>[\/vc_column_text][\/vc_column][vc_column width=&#8221;1\/2&#8243; offset=&#8221;vc_hidden-md vc_hidden-sm vc_hidden-xs&#8221;][vc_single_image image=&#8221;2836&#8243; img_size=&#8221;full&#8221;][\/vc_column][vc_column width=&#8221;1\/2&#8243; offset=&#8221;vc_hidden-md vc_hidden-sm vc_hidden-xs&#8221;][vc_single_image image=&#8221;2838&#8243; img_size=&#8221;full&#8221;][\/vc_column][\/vc_row][vc_row el_id=&#8221;mobil&#8221;][vc_column offset=&#8221;vc_hidden-lg&#8221;][vc_column_text el_class=&#8221;nd_options_text_align_center_responsive&#8221;]<\/p>\n<h3 style=\"text-align: center;\"><strong>Topkapi Palace<\/strong><\/h3>\n<p style=\"text-align: center;\"><span style=\"font-weight: 400;\">Topkap\u0131 Palace is located in one of the oldest historical regions of Istanbul. Located on the historical Istanbul peninsula between the Marmara Sea, the Bosphorus and the Golden Horn, the palace is one of the iconic structures of Istanbul.\u00a0It is 15 minutes by walking from Euro Design Hotel.<\/span><\/p>\n<p>[\/vc_column_text][vc_single_image image=&#8221;2753&#8243; img_size=&#8221;full&#8221;][vc_single_image image=&#8221;2761&#8243; img_size=&#8221;full&#8221;][vc_column_text el_class=&#8221;nd_options_text_align_center_responsive&#8221;]<\/p>\n<h3 style=\"text-align: center;\"><strong>Hagia Sophia<\/strong><\/h3>\n<p style=\"text-align: center;\"><span style=\"font-weight: 400;\">Hagia Sophia -Hagia Sophia Mosque, formerly Hagia Sophia Church or Hagia Sophia Museum, is a mosque, former basilica, cathedral and museum in Istanbul. It is located in Sultanahmet Square. It is a 15-minute walk from Euro Design Hotel.<\/span><\/p>\n<p>[\/vc_column_text][vc_single_image image=&#8221;2764&#8243; img_size=&#8221;full&#8221;][vc_column_text el_class=&#8221;nd_options_text_align_center_responsive&#8221;]<\/p>\n<h3 style=\"text-align: center;\"><strong>Dolmabah\u00e7e Palace<\/strong><\/h3>\n<p style=\"text-align: center;\"><span style=\"font-weight: 400;\">The coastal area of Be\u015fikta\u015f, where Dolmabah\u00e7e Palace is located, is an area that has been the scene of shipping activities in the past as one of the bays of the Bosphorus. This bay, which was a natural harbor for ships to take refuge since antiquity, also attracted the rulers during the Byzantine period and royal palaces were built in this region. It is 25 minutes by TRAIN from Euro Design Hotel.<br \/>\n<\/span><\/p>\n<p>[\/vc_column_text][vc_single_image image=&#8221;2767&#8243; img_size=&#8221;full&#8221;][vc_column_text el_class=&#8221;nd_options_text_align_center_responsive&#8221;]<\/p>\n<h3 style=\"text-align: center;\"><strong>Yeni Camii<\/strong><\/h3>\n<p style=\"text-align: center;\"><span style=\"font-weight: 400;\">The mosque, located in Eminonu Square, was built in 1665. It is still in the restoration process. It is 10 minutes by walking from Euro Design Hotel.<\/span><\/p>\n<p>[\/vc_column_text][vc_single_image image=&#8221;2818&#8243; img_size=&#8221;full&#8221;][vc_column_text el_class=&#8221;nd_options_text_align_center_responsive&#8221;]<\/p>\n<h3 style=\"text-align: center;\"><strong>M\u0131s\u0131r \u00c7ar\u015f\u0131s\u0131<\/strong><\/h3>\n<p style=\"text-align: center;\"><span style=\"font-weight: 400;\">One of the oldest covered bazaars in \u0130stanbul, the Egyptian Bazaar is located in the Emin\u00f6n\u00fc district of \u0130stanbul, behind New Mosque and adjacent to the Flower Market. Continuing its existence since 17th century, the Egyptian Bazaar . It is 10 minutes by walking from Euro Design Hotel<\/span><\/p>\n<p>[\/vc_column_text][vc_single_image image=&#8221;2816&#8243; img_size=&#8221;full&#8221;][vc_column_text el_class=&#8221;nd_options_text_align_center_responsive&#8221;]<\/p>\n<h3 style=\"text-align: center;\"><strong>Galata Kulesi<\/strong><\/h3>\n<p style=\"text-align: center;\"><span style=\"font-weight: 400;\">The Galata Tower or with the current official name Galata Kulesi Museum is a tower in the Beyo\u011flu district of Istanbul, Turkey It takes its name from the Galata warehouse where it is located. It takes 20 minutes to reach Euro Design Hotel.<br \/>\n<\/span><\/p>\n<p>[\/vc_column_text][vc_single_image image=&#8221;2820&#8243; img_size=&#8221;full&#8221;][vc_single_image image=&#8221;2822&#8243; img_size=&#8221;full&#8221;][vc_column_text el_class=&#8221;nd_options_text_align_center_responsive&#8221;]<\/p>\n<h3 style=\"text-align: center;\"><strong>Yerebatan Sarn\u0131c\u0131<\/strong><\/h3>\n<p style=\"text-align: center;\"><span style=\"font-weight: 400;\">One of the magnificent ancient buildings of \u0130stanbul is the Basilica Cistern located in the southwest of Hagia Sofia. It is 10 minutes by walking from Euro Design Hotel.<\/span><\/p>\n<p>[\/vc_column_text][vc_single_image image=&#8221;2825&#8243; img_size=&#8221;full&#8221;][vc_column_text el_class=&#8221;nd_options_text_align_center_responsive&#8221;]<\/p>\n<h3 style=\"text-align: center;\"><strong>Aya \u0130rini Kilisesi<\/strong><\/h3>\n<p style=\"text-align: center;\"><span style=\"font-weight: 400;\">Hagia sometimes known also as Saint Irene, is an Eastern Orthodox church located in the outer courtyard of Topkap\u0131 Palace in Istanbul. . It is 10 minutes by walking from Euro Design Hotel.<\/span><\/p>\n<p>[\/vc_column_text][vc_single_image image=&#8221;2833&#8243; img_size=&#8221;full&#8221;][vc_column_text el_class=&#8221;nd_options_text_align_center_responsive&#8221;]<\/p>\n<h3 style=\"text-align: center;\"><strong>Kapal\u0131 \u00c7ar\u015f\u0131<\/strong><\/h3>\n<p style=\"text-align: center;\"><span style=\"font-weight: 400;\">The Grand in Istanbul is one of the largest and oldest covered markets in the world, with 61 covered streets and over 4,000 shops. It is 10 minutes by walking from Euro Design Hotel.<br \/>\n<\/span><\/p>\n<p>[\/vc_column_text][vc_single_image image=&#8221;2836&#8243; img_size=&#8221;full&#8221;][\/vc_column][\/vc_row][vc_row][vc_column][\/vc_column][\/vc_row]<\/p>\n<\/div>","protected":false},"excerpt":{"rendered":"<p>[vc_row content_placement=&#8221;middle&#8221;][vc_column css=&#8221;.vc_custom_1650967025872{margin-top: 50px !important;margin-bottom: 10px !important;padding-top: 100px !important;padding-bottom: 100px !important;}&#8221; offset=&#8221;vc_hidden-sm vc_hidden-xs&#8221;][vc_column_text el_class=&#8221;nd_options_text_align_center_responsive&#8221;] Topkapi Palace Topkap\u0131 Palace is located in one of the oldest historical regions of Istanbul. Located on the historical Istanbul peninsula between the Marmara Sea, the Bosphorus and the Golden Horn, the palace is one of the iconic structures of Istanbul.\u00a0It [&hellip;]<\/p>\n","protected":false},"author":1,"featured_media":0,"parent":0,"menu_order":0,"comment_status":"closed","ping_status":"closed","template":"","meta":{"footnotes":""},"class_list":["post-2447","page","type-page","status-publish","hentry"],"_links":{"self":[{"href":"https:\/\/eurodesignhotel.com\/en\/wp-json\/wp\/v2\/pages\/2447","targetHints":{"allow":["GET"]}}],"collection":[{"href":"https:\/\/eurodesignhotel.com\/en\/wp-json\/wp\/v2\/pages"}],"about":[{"href":"https:\/\/eurodesignhotel.com\/en\/wp-json\/wp\/v2\/types\/page"}],"author":[{"embeddable":true,"href":"https:\/\/eurodesignhotel.com\/en\/wp-json\/wp\/v2\/users\/1"}],"replies":[{"embeddable":true,"href":"https:\/\/eurodesignhotel.com\/en\/wp-json\/wp\/v2\/comments?post=2447"}],"version-history":[{"count":22,"href":"https:\/\/eurodesignhotel.com\/en\/wp-json\/wp\/v2\/pages\/2447\/revisions"}],"predecessor-version":[{"id":2992,"href":"https:\/\/eurodesignhotel.com\/en\/wp-json\/wp\/v2\/pages\/2447\/revisions\/2992"}],"wp:attachment":[{"href":"https:\/\/eurodesignhotel.com\/en\/wp-json\/wp\/v2\/media?parent=2447"}],"curies":[{"name":"wp","href":"https:\/\/api.w.org\/{rel}","templated":true}]}}