{"id":2403,"date":"2022-04-08T06:14:41","date_gmt":"2022-04-08T06:14:41","guid":{"rendered":"http:\/\/www.eurodesignhotel.com\/yerel-rehber\/"},"modified":"2022-04-29T11:26:54","modified_gmt":"2022-04-29T11:26:54","slug":"local-guide","status":"publish","type":"page","link":"https:\/\/eurodesignhotel.com\/en\/local-guide\/","title":{"rendered":"Local Guide"},"content":{"rendered":"<div class=\"wpb-content-wrapper\"><p>[vc_row content_placement=&#8221;middle&#8221;][vc_column width=&#8221;1\/2&#8243; css=&#8221;.vc_custom_1573711768259{margin-top: 10px !important;margin-bottom: 10px !important;padding-top: 100px !important;padding-right: 40px !important;padding-bottom: 100px !important;}&#8221; offset=&#8221;vc_hidden-xs&#8221;][vc_single_image image=&#8221;2205&#8243; img_size=&#8221;full&#8221;][\/vc_column][vc_column width=&#8221;1\/2&#8243; css=&#8221;.vc_custom_1573711760077{margin-top: 50px !important;margin-bottom: 10px !important;padding-top: 100px !important;padding-bottom: 100px !important;}&#8221; offset=&#8221;vc_hidden-xs&#8221;][vc_column_text el_class=&#8221;nd_options_text_align_center_responsive&#8221;]<\/p>\n<h3 style=\"text-align: center;\">LOCAL GUIDE<\/h3>\n<p>&nbsp;<\/p>\n<h2 class=\"font-custom1\" style=\"text-align: center;\"><span style=\"color: #ca984b;\">The Euro Design Hotel is a very special hotel that brings together the best places.<\/span><\/h2>\n<p>&nbsp;<\/p>\n<p style=\"text-align: center;\">Our hotel notable for its proximity to Sultanahmet Square, Hagia Sophia Museum, Topkap\u0131 Palace, Grand Bazaar and Taksim Square, where millions of tourists visit, will be the right choice for you to spend a pleasant and peaceful time in terms of its location.<br \/>\nIt is surrounded by restaurants, shopping places and a lot of museums and historical buildings to visit where you can taste authentic Turkish and international cuisine. The tube crossing (Marmaray) connecting the continent of Asia and Europe is only 10 mt to Sirkeci station. The ferry is about 200 mt and Tramway is about 100 mt distance. Our hotel is within walking distance of other transportation vehicles and offers you the highest facilities in terms of transportation to enjoy your holiday. The Euro Design Hotel is a very special hotel that brings together the best places. Live the mystical and nostalgic spirit of the city in the heart of the historic peninsula and experience countless cultural and historical artifacts, jewelers, restaurants, museums, and more.<\/p>\n<p>[\/vc_column_text][\/vc_column][vc_column width=&#8221;1\/2&#8243; offset=&#8221;vc_hidden-xs&#8221;][vc_column_text]<\/p>\n<h3 style=\"text-align: center;\"><strong>\u00c7i\u00e7ek Pasaj\u0131<\/strong><\/h3>\n<p style=\"text-align: center;\"><span style=\"font-weight: 400;\">\u00c7i\u00e7ek Pasaj\u0131 is a historical passage that was established in 1876 on the land of the Naum Theater which was destroyed in the Great Beyo\u011flu Fire, located on Istiklal Street in Beyo\u011flu, Istanbul.<\/span><\/p>\n<p>[\/vc_column_text]<div style=\"background-color:;height: 40px\" class=\"nicdark_section  \"><\/div>[vc_single_image image=&#8221;2863&#8243; img_size=&#8221;full&#8221; alignment=&#8221;center&#8221;][\/vc_column][vc_column width=&#8221;1\/2&#8243; offset=&#8221;vc_hidden-xs&#8221;][vc_column_text]<\/p>\n<h3 style=\"text-align: center;\"><strong>Galataport<\/strong><\/h3>\n<p style=\"text-align: center;\"><span style=\"font-weight: 400;\">Karak\u00f6y, an important part of Galata, founded by Genoese in the 12th century; It is a region that has hosted many cultures including Jews, Genoese, Greeks, Romans, French, Venetians and Ottomans, and many of them have lived together for centuries. After the renovation process, restaurants, museums and shopping services were provided.<\/span><\/p>\n<p>[\/vc_column_text][vc_single_image image=&#8221;2899&#8243; img_size=&#8221;full&#8221; alignment=&#8221;center&#8221;]<div style=\"background-color:;height: 5px\" class=\"nicdark_section  \"><\/div>[\/vc_column][vc_column width=&#8221;1\/2&#8243; offset=&#8221;vc_hidden-xs&#8221;][vc_column_text]<\/p>\n<h3 style=\"text-align: center;\"><strong>\u0130stiklal Caddesi<\/strong><\/h3>\n<p style=\"text-align: center;\"><span style=\"font-weight: 400;\">Istiklal Street is a popular street located between T\u00fcnel Square and Taksim Square in the Beyo\u011flu district of Istanbul.<\/span><\/p>\n<p>[\/vc_column_text][vc_single_image image=&#8221;2908&#8243; img_size=&#8221;full&#8221; alignment=&#8221;center&#8221;][\/vc_column][vc_column width=&#8221;1\/2&#8243; offset=&#8221;vc_hidden-xs&#8221;][vc_column_text]<\/p>\n<h3 style=\"text-align: center;\"><strong>Galata<\/strong><\/h3>\n<p style=\"text-align: center;\"><span style=\"font-weight: 400;\"><span style=\"color: #fff;\">galata<\/span><\/span><\/p>\n<p style=\"text-align: center;\"><span style=\"color: #fff;\">galata<\/span><\/p>\n<p>[\/vc_column_text][vc_single_image image=&#8221;2910&#8243; img_size=&#8221;full&#8221; alignment=&#8221;center&#8221;][\/vc_column][vc_column width=&#8221;1\/2&#8243; offset=&#8221;vc_hidden-xs&#8221;][vc_column_text]<\/p>\n<h3 style=\"text-align: center;\"><strong>Ortak\u00f6y<\/strong><\/h3>\n<p>[\/vc_column_text][vc_single_image image=&#8221;2889&#8243; img_size=&#8221;full&#8221; alignment=&#8221;center&#8221;][\/vc_column][vc_column width=&#8221;1\/2&#8243; offset=&#8221;vc_hidden-xs&#8221;][vc_column_text]<\/p>\n<h3 style=\"text-align: center;\"><strong>Karak\u00f6y<\/strong><\/h3>\n<p>[\/vc_column_text][vc_single_image image=&#8221;2881&#8243; img_size=&#8221;full&#8221; alignment=&#8221;center&#8221;][\/vc_column][vc_column width=&#8221;1\/2&#8243; offset=&#8221;vc_hidden-xs&#8221;][vc_column_text]<\/p>\n<h3 style=\"text-align: center;\"><strong>Balat<\/strong><\/h3>\n<p>[\/vc_column_text][vc_single_image image=&#8221;2892&#8243; img_size=&#8221;full&#8221; alignment=&#8221;center&#8221;][\/vc_column][vc_column width=&#8221;1\/2&#8243; offset=&#8221;vc_hidden-xs&#8221;][vc_column_text]<\/p>\n<h3 style=\"text-align: center;\"><strong>Balat<\/strong><\/h3>\n<p>[\/vc_column_text][vc_single_image image=&#8221;2894&#8243; img_size=&#8221;full&#8221; alignment=&#8221;center&#8221;][\/vc_column][\/vc_row][vc_row el_id=&#8221;mobil&#8221;][vc_column width=&#8221;1\/2&#8243; css=&#8221;.vc_custom_1573712091152{margin-top: 10px !important;margin-bottom: 10px !important;padding-top: 50px !important;padding-bottom: 10px !important;}&#8221; offset=&#8221;vc_hidden-lg vc_hidden-md vc_hidden-sm&#8221;]<div style=\"background-color:;height: 10px\" class=\"nicdark_section  \"><\/div>[vc_single_image image=&#8221;2205&#8243; img_size=&#8221;full&#8221;][\/vc_column][vc_column width=&#8221;1\/2&#8243; css=&#8221;.vc_custom_1573712055782{margin-top: 50px !important;margin-bottom: 10px !important;padding-top: 0px !important;padding-bottom: 50px !important;}&#8221; offset=&#8221;vc_hidden-lg vc_hidden-md vc_hidden-sm&#8221;][vc_column_text el_class=&#8221;nd_options_text_align_center_responsive&#8221;]<\/p>\n<h3 style=\"text-align: center;\">LOCAL GUIDE<\/h3>\n<p>&nbsp;<\/p>\n<h2 class=\"font-custom1\" style=\"text-align: center;\"><span style=\"color: #ca984b;\">The Euro Design Hotel is a very special hotel that brings together the best places.<\/span><\/h2>\n<p>&nbsp;<\/p>\n<p style=\"text-align: center;\">Our hotel notable for its proximity to Sultanahmet Square, Hagia Sophia Museum, Topkap\u0131 Palace, Grand Bazaar and Taksim Square, where millions of tourists visit, will be the right choice for you to spend a pleasant and peaceful time in terms of its location.<br \/>\nIt is surrounded by restaurants, shopping places and a lot of museums and historical buildings to visit where you can taste authentic Turkish and international cuisine. The tube crossing (Marmaray) connecting the continent of Asia and Europe is only 10 mt to Sirkeci station. The ferry is about 200 mt and Tramway is about 100 mt distance. Our hotel is within walking distance of other transportation vehicles and offers you the highest facilities in terms of transportation to enjoy your holiday. The Euro Design Hotel is a very special hotel that brings together the best places. Live the mystical and nostalgic spirit of the city in the heart of the historic peninsula and experience countless cultural and historical artifacts, jewelers, restaurants, museums, and more.<\/p>\n<p>[\/vc_column_text][\/vc_column][\/vc_row][vc_row][vc_column offset=&#8221;vc_hidden-lg&#8221;][vc_column_text]<\/p>\n<h3 style=\"text-align: center;\"><strong>\u00c7i\u00e7ek Pasaj\u0131<\/strong><\/h3>\n<p style=\"text-align: center;\"><span style=\"font-weight: 400;\">\u00c7i\u00e7ek Pasaj\u0131 is a historical passage that was established in 1876 on the land of the Naum Theater which was destroyed in the Great Beyo\u011flu Fire, located on Istiklal Street in Beyo\u011flu, Istanbul.<\/span><\/p>\n<p>[\/vc_column_text][vc_single_image image=&#8221;2863&#8243; img_size=&#8221;full&#8221; alignment=&#8221;center&#8221;][vc_column_text]<\/p>\n<h3 style=\"text-align: center;\"><strong>Galataport<\/strong><\/h3>\n<p style=\"text-align: center;\"><span style=\"font-weight: 400;\">Karak\u00f6y, an important part of Galata, founded by Genoese in the 12th century; It is a region that has hosted many cultures including Jews, Genoese, Greeks, Romans, French, Venetians and Ottomans, and many of them have lived together for centuries. After the renovation process, restaurants, museums and shopping services were provided.<\/span><\/p>\n<p>[\/vc_column_text][vc_single_image image=&#8221;2899&#8243; img_size=&#8221;full&#8221; alignment=&#8221;center&#8221;][vc_column_text]<\/p>\n<h3 style=\"text-align: center;\"><strong>\u0130stiklal Caddesi<\/strong><\/h3>\n<p style=\"text-align: center;\"><span style=\"font-weight: 400;\">Istiklal Street is a popular street located between T\u00fcnel Square and Taksim Square in the Beyo\u011flu district of Istanbul.<\/span><\/p>\n<p>[\/vc_column_text][vc_single_image image=&#8221;2908&#8243; img_size=&#8221;full&#8221; alignment=&#8221;center&#8221;][vc_column_text]<\/p>\n<h3 style=\"text-align: center;\"><strong>Galata<\/strong><\/h3>\n<p style=\"text-align: center;\"><span style=\"font-weight: 400;\"><span style=\"color: #fff;\">galata<\/span><\/span><\/p>\n<p style=\"text-align: center;\"><span style=\"color: #fff;\">galata<\/span><\/p>\n<p>[\/vc_column_text][vc_single_image image=&#8221;2910&#8243; img_size=&#8221;full&#8221; alignment=&#8221;center&#8221;][vc_column_text]<\/p>\n<h3 style=\"text-align: center;\"><strong>Ortak\u00f6y<\/strong><\/h3>\n<p>[\/vc_column_text][vc_single_image image=&#8221;2889&#8243; img_size=&#8221;full&#8221; alignment=&#8221;center&#8221;][vc_column_text]<\/p>\n<h3 style=\"text-align: center;\"><strong>Karak\u00f6y<\/strong><\/h3>\n<p>[\/vc_column_text][vc_single_image image=&#8221;2881&#8243; img_size=&#8221;full&#8221; alignment=&#8221;center&#8221;][vc_column_text]<\/p>\n<h3 style=\"text-align: center;\"><strong>Balat<\/strong><\/h3>\n<p>[\/vc_column_text][vc_single_image image=&#8221;2892&#8243; img_size=&#8221;full&#8221; alignment=&#8221;center&#8221;][vc_single_image image=&#8221;2894&#8243; img_size=&#8221;full&#8221; alignment=&#8221;center&#8221;][\/vc_column][\/vc_row]<\/p>\n<\/div>","protected":false},"excerpt":{"rendered":"<p>[vc_row content_placement=&#8221;middle&#8221;][vc_column width=&#8221;1\/2&#8243; css=&#8221;.vc_custom_1573711768259{margin-top: 10px !important;margin-bottom: 10px !important;padding-top: 100px !important;padding-right: 40px !important;padding-bottom: 100px !important;}&#8221; offset=&#8221;vc_hidden-xs&#8221;][vc_single_image image=&#8221;2205&#8243; img_size=&#8221;full&#8221;][\/vc_column][vc_column width=&#8221;1\/2&#8243; css=&#8221;.vc_custom_1573711760077{margin-top: 50px !important;margin-bottom: 10px !important;padding-top: 100px !important;padding-bottom: 100px !important;}&#8221; offset=&#8221;vc_hidden-xs&#8221;][vc_column_text el_class=&#8221;nd_options_text_align_center_responsive&#8221;] LOCAL GUIDE &nbsp; The Euro Design Hotel is a very special hotel that brings together the best places. &nbsp; Our hotel notable for its proximity to [&hellip;]<\/p>\n","protected":false},"author":1,"featured_media":0,"parent":0,"menu_order":0,"comment_status":"closed","ping_status":"closed","template":"","meta":{"footnotes":""},"class_list":["post-2403","page","type-page","status-publish","hentry"],"_links":{"self":[{"href":"https:\/\/eurodesignhotel.com\/en\/wp-json\/wp\/v2\/pages\/2403","targetHints":{"allow":["GET"]}}],"collection":[{"href":"https:\/\/eurodesignhotel.com\/en\/wp-json\/wp\/v2\/pages"}],"about":[{"href":"https:\/\/eurodesignhotel.com\/en\/wp-json\/wp\/v2\/types\/page"}],"author":[{"embeddable":true,"href":"https:\/\/eurodesignhotel.com\/en\/wp-json\/wp\/v2\/users\/1"}],"replies":[{"embeddable":true,"href":"https:\/\/eurodesignhotel.com\/en\/wp-json\/wp\/v2\/comments?post=2403"}],"version-history":[{"count":39,"href":"https:\/\/eurodesignhotel.com\/en\/wp-json\/wp\/v2\/pages\/2403\/revisions"}],"predecessor-version":[{"id":3055,"href":"https:\/\/eurodesignhotel.com\/en\/wp-json\/wp\/v2\/pages\/2403\/revisions\/3055"}],"wp:attachment":[{"href":"https:\/\/eurodesignhotel.com\/en\/wp-json\/wp\/v2\/media?parent=2403"}],"curies":[{"name":"wp","href":"https:\/\/api.w.org\/{rel}","templated":true}]}}