{"id":2395,"date":"2022-04-08T06:07:16","date_gmt":"2022-04-08T06:07:16","guid":{"rendered":"http:\/\/www.eurodesignhotel.com\/hakkimizda-2\/"},"modified":"2022-04-26T09:24:02","modified_gmt":"2022-04-26T09:24:02","slug":"about","status":"publish","type":"page","link":"https:\/\/eurodesignhotel.com\/en\/about\/","title":{"rendered":"About Us"},"content":{"rendered":"<div class=\"wpb-content-wrapper\"><p>[vc_row content_placement=&#8221;middle&#8221;][vc_column width=&#8221;1\/2&#8243; css=&#8221;.vc_custom_1573711768259{margin-top: 10px !important;margin-bottom: 10px !important;padding-top: 100px !important;padding-right: 40px !important;padding-bottom: 100px !important;}&#8221; offset=&#8221;vc_hidden-xs&#8221;]<div style=\"background-color:;height: 10px\" class=\"nicdark_section  \"><\/div>[vc_single_image image=&#8221;2202&#8243; img_size=&#8221;full&#8221;][\/vc_column][vc_column width=&#8221;1\/2&#8243; css=&#8221;.vc_custom_1573711760077{margin-top: 50px !important;margin-bottom: 10px !important;padding-top: 100px !important;padding-bottom: 100px !important;}&#8221; offset=&#8221;vc_hidden-xs&#8221;][vc_column_text el_class=&#8221;nd_options_text_align_center_responsive&#8221;]<\/p>\n<h3 style=\"text-align: center;\"><strong>EURO DESIGN HOTEL<\/strong><\/h3>\n<p>&nbsp;<\/p>\n<h2 class=\"font-custom1\" style=\"text-align: center;\"><span style=\"color: #ca984b;\">Where traditional hospitality meets modern architecture<\/span><\/h2>\n<p>&nbsp;<\/p>\n<p style=\"text-align: center;\">Located in the heart of the Historical Peninsula, a few steps from Emin\u00f6n\u00fc Square, New Mosque, R\u00fcstem Pa\u015fa Mosque, Spice Bazaar, Galata Bridge, Galata Tower, S\u00fcleymaniye Mosque and Kariye Museum, and 12-minute walk from the Golden Horn, Galataport, Dolmabahce Palace and Ni\u015fanta\u015f\u0131. Euro Design Hotel offers an unforgettable accommodation experience in Istanbul. Our central Istanbul hotel is ten-minute distance from Hagia Sophia, Sultanahmet Square, Blue Mosque, Topkap\u0131 Palace, Basilica Cistern, Hagia Irene Church, Grand Bazaar, Archaeological Museum, Museum of Islamic Arts, the Obelisk of Theodosius, Ottoman Manuscript Library, Water Belts and the coast, With its 360-degree overview of the Strait and Historical Peninsula bordered by the Marmara Sea and its mystic waters, meeting point of cultures in the footsteps of a deeply rooted past, you will feel at home and sense the ancient city\u2019s pulse in your heart. Our aim is to ensure that you have the peace and pleasure of being hosted at Euro Design Hotel and can save beautiful memories, during your stay with us.<br \/>\nWe embrace the principle of offering to our guests from all around the world the quality they desire to have when traveling in Istanbul. We are proud to welcome you in Old city, which fascinated with the glory of the palaces, monumental architecture and the spirits of emperors and sultans till wandering. .<\/p>\n<p>[\/vc_column_text][\/vc_column][\/vc_row][vc_row el_id=&#8221;mobil&#8221;][vc_column width=&#8221;1\/2&#8243; css=&#8221;.vc_custom_1573712091152{margin-top: 10px !important;margin-bottom: 10px !important;padding-top: 50px !important;padding-bottom: 10px !important;}&#8221; offset=&#8221;vc_hidden-lg vc_hidden-md vc_hidden-sm&#8221;]<div style=\"background-color:;height: 10px\" class=\"nicdark_section  \"><\/div>[vc_single_image image=&#8221;2202&#8243; img_size=&#8221;full&#8221;][\/vc_column][vc_column width=&#8221;1\/2&#8243; css=&#8221;.vc_custom_1573712055782{margin-top: 50px !important;margin-bottom: 10px !important;padding-top: 0px !important;padding-bottom: 50px !important;}&#8221; offset=&#8221;vc_hidden-lg vc_hidden-md vc_hidden-sm&#8221;][vc_column_text el_class=&#8221;nd_options_text_align_center_responsive&#8221;]<\/p>\n<h3 style=\"text-align: center;\"><strong>EURO DESIGN HOTEL<\/strong><\/h3>\n<p>&nbsp;<\/p>\n<h2 class=\"font-custom1\" style=\"text-align: center;\"><span style=\"color: #ca984b;\">Where traditional hospitality meets modern architecture<\/span><\/h2>\n<p>&nbsp;<\/p>\n<p style=\"text-align: center;\">Located in the heart of the Historical Peninsula, a few steps from Emin\u00f6n\u00fc Square, New Mosque, R\u00fcstem Pa\u015fa Mosque, Spice Bazaar, Galata Bridge, Galata Tower, S\u00fcleymaniye Mosque and Kariye Museum, and 12-minute walk from the Golden Horn, Galataport, Dolmabahce Palace and Ni\u015fanta\u015f\u0131. Euro Design Hotel offers an unforgettable accommodation experience in Istanbul. Our central Istanbul hotel is ten-minute distance from Hagia Sophia, Sultanahmet Square, Blue Mosque, Topkap\u0131 Palace, Basilica Cistern, Hagia Irene Church, Grand Bazaar, Archaeological Museum, Museum of Islamic Arts, the Obelisk of Theodosius, Ottoman Manuscript Library, Water Belts and the coast, With its 360-degree overview of the Strait and Historical Peninsula bordered by the Marmara Sea and its mystic waters, meeting point of cultures in the footsteps of a deeply rooted past, you will feel at home and sense the ancient city\u2019s pulse in your heart. Our aim is to ensure that you have the peace and pleasure of being hosted at Euro Design Hotel and can save beautiful memories, during your stay with us.<br \/>\nWe embrace the principle of offering to our guests from all around the world the quality they desire to have when traveling in Istanbul. We are proud to welcome you in Old city, which fascinated with the glory of the palaces, monumental architecture and the spirits of emperors and sultans till wandering. .<\/p>\n<p>[\/vc_column_text][\/vc_column][\/vc_row][vc_row full_width=&#8221;stretch_row_content_no_spaces&#8221;][vc_column][vc_raw_html css=&#8221;.vc_custom_1647801386225{margin-bottom: -10px !important;}&#8221;]JTNDaWZyYW1lJTIwc3JjJTNEJTIyaHR0cHMlM0ElMkYlMkZ3d3cuZ29vZ2xlLmNvbSUyRm1hcHMlMkZlbWJlZCUzRnBiJTNEJTIxMW0xOCUyMTFtMTIlMjExbTMlMjExZDMwMTAuNTUxNjE3NTAwMzI4JTIxMmQyOC45NzI5NTA3MTU3MTg5NDUlMjEzZDQxLjAxMzE4NjIyNzA3MTI2JTIxMm0zJTIxMWYwJTIxMmYwJTIxM2YwJTIxM20yJTIxMWkxMDI0JTIxMmk3NjglMjE0ZjEzLjElMjEzbTMlMjExbTIlMjExczB4MTRjYWI5OTU0NWMyYzZiNSUyNTNBMHg4NmY4YjYwMzYwY2IxN2QzJTIxMnNFdXJvJTI1MjBEZXNpZ24lMjUyMEhvdGVsJTIxNWUwJTIxM20yJTIxMXN0ciUyMTJzdHIlMjE0djE2NDc4MDEzMzc5MTMlMjE1bTIlMjExc3RyJTIxMnN0ciUyMiUyMHdpZHRoJTNEJTIyMTAwJTI1JTIyJTIwaGVpZ2h0JTNEJTIyNDUwJTIyJTIwc3R5bGUlM0QlMjJib3JkZXIlM0EwJTNCJTIyJTIwYWxsb3dmdWxsc2NyZWVuJTNEJTIyJTIyJTIwbG9hZGluZyUzRCUyMmxhenklMjIlM0UlM0MlMkZpZnJhbWUlM0U=[\/vc_raw_html][\/vc_column][\/vc_row]<\/p>\n<\/div>","protected":false},"excerpt":{"rendered":"<p>[vc_row content_placement=&#8221;middle&#8221;][vc_column width=&#8221;1\/2&#8243; css=&#8221;.vc_custom_1573711768259{margin-top: 10px !important;margin-bottom: 10px !important;padding-top: 100px !important;padding-right: 40px !important;padding-bottom: 100px !important;}&#8221; offset=&#8221;vc_hidden-xs&#8221;][vc_single_image image=&#8221;2202&#8243; img_size=&#8221;full&#8221;][\/vc_column][vc_column width=&#8221;1\/2&#8243; css=&#8221;.vc_custom_1573711760077{margin-top: 50px !important;margin-bottom: 10px !important;padding-top: 100px !important;padding-bottom: 100px !important;}&#8221; offset=&#8221;vc_hidden-xs&#8221;][vc_column_text el_class=&#8221;nd_options_text_align_center_responsive&#8221;] EURO DESIGN HOTEL &nbsp; Where traditional hospitality meets modern architecture &nbsp; Located in the heart of the Historical Peninsula, a few steps from Emin\u00f6n\u00fc Square, New [&hellip;]<\/p>\n","protected":false},"author":1,"featured_media":0,"parent":0,"menu_order":0,"comment_status":"closed","ping_status":"closed","template":"","meta":{"footnotes":""},"class_list":["post-2395","page","type-page","status-publish","hentry"],"_links":{"self":[{"href":"https:\/\/eurodesignhotel.com\/en\/wp-json\/wp\/v2\/pages\/2395","targetHints":{"allow":["GET"]}}],"collection":[{"href":"https:\/\/eurodesignhotel.com\/en\/wp-json\/wp\/v2\/pages"}],"about":[{"href":"https:\/\/eurodesignhotel.com\/en\/wp-json\/wp\/v2\/types\/page"}],"author":[{"embeddable":true,"href":"https:\/\/eurodesignhotel.com\/en\/wp-json\/wp\/v2\/users\/1"}],"replies":[{"embeddable":true,"href":"https:\/\/eurodesignhotel.com\/en\/wp-json\/wp\/v2\/comments?post=2395"}],"version-history":[{"count":4,"href":"https:\/\/eurodesignhotel.com\/en\/wp-json\/wp\/v2\/pages\/2395\/revisions"}],"predecessor-version":[{"id":2814,"href":"https:\/\/eurodesignhotel.com\/en\/wp-json\/wp\/v2\/pages\/2395\/revisions\/2814"}],"wp:attachment":[{"href":"https:\/\/eurodesignhotel.com\/en\/wp-json\/wp\/v2\/media?parent=2395"}],"curies":[{"name":"wp","href":"https:\/\/api.w.org\/{rel}","templated":true}]}}