{"id":2387,"date":"2022-03-18T09:05:31","date_gmt":"2022-03-18T09:05:31","guid":{"rendered":"http:\/\/www.eurodesignhotel.com\/hakkimizda\/"},"modified":"2022-03-25T12:08:45","modified_gmt":"2022-03-25T12:08:45","slug":"hakkimizda","status":"publish","type":"page","link":"https:\/\/eurodesignhotel.com\/en\/hakkimizda\/","title":{"rendered":"Hakk\u0131m\u0131zda"},"content":{"rendered":"<div class=\"wpb-content-wrapper\"><p>[vc_row content_placement=&#8221;middle&#8221;][vc_column width=&#8221;1\/2&#8243; css=&#8221;.vc_custom_1573711768259{margin-top: 10px !important;margin-bottom: 10px !important;padding-top: 100px !important;padding-right: 40px !important;padding-bottom: 100px !important;}&#8221; offset=&#8221;vc_hidden-xs&#8221;]<div style=\"background-color:;height: 10px\" class=\"nicdark_section  \"><\/div>[vc_single_image image=&#8221;2202&#8243; img_size=&#8221;full&#8221;][\/vc_column][vc_column width=&#8221;1\/2&#8243; css=&#8221;.vc_custom_1573711760077{margin-top: 50px !important;margin-bottom: 10px !important;padding-top: 100px !important;padding-bottom: 100px !important;}&#8221; offset=&#8221;vc_hidden-xs&#8221;][vc_column_text el_class=&#8221;nd_options_text_align_center_responsive&#8221;]<\/p>\n<h3 style=\"text-align: center;\"><strong>EURO DESIGN HOTEL<\/strong><\/h3>\n<p>&nbsp;<\/p>\n<h2 class=\"font-custom1\" style=\"text-align: center;\"><span style=\"color: #ca984b;\">Geleneksel misafirperverli\u011fin modern mimarisi ile bulu\u015ftu\u011fu otel<\/span><\/h2>\n<p>&nbsp;<\/p>\n<p style=\"text-align: center;\">Euro Design Hotel, modern d\u00f6\u015fenmi\u015f l\u00fcks odalar\u0131yla size konforlu bir ortam sunar. Konuklar\u0131m\u0131z\u0131n konforu i\u00e7in odalar\u0131m\u0131zda modern ve estetik anlay\u0131\u015f\u0131 bir arad\u0131r. Euro Design otelimiz \u015f\u0131k bir dekora sahiptir. Otele geldi\u011finiz ilk andan itibaren konforun tad\u0131n\u0131 \u00e7\u0131karabilirsiniz. Otelin tasar\u0131m\u0131, \u00f6zg\u00fcnl\u00fc\u011f\u00fcn modernize edilip l\u00fcks ile harmanlanm\u0131\u015f haliyle \u2018Ya\u015fam\u0131n kalbi\u2019 olan tarihi yar\u0131madan\u0131n merkezini ya\u015faman\u0131z i\u00e7in size bir\u00e7ok imkan sa\u011flamaktad\u0131r. Kadifenin s\u0131cak tonlar\u0131yla d\u00f6\u015fenmi\u015f mobilyalar ve Carrera ve Portoro mermerinden yap\u0131lm\u0131\u015f modern minimalist bir resepsiyon ile konuklar\u0131m\u0131za s\u0131cak bir merhaba diyoruz. Misafirlerimizin konaklamalar\u0131n\u0131 e\u015fsiz k\u0131lmak, bizden ve g\u00fczel \u0130stanbul\u2019umuzdan ayr\u0131l\u0131rken akl\u0131n\u0131zda kalacak tatl\u0131 an\u0131lar b\u0131rakabilmek i\u00e7in t\u00fcm ekibimiz hizmetinizde olacakt\u0131r. Otelimiz nefes kesici ve karakteristik bir k\u00fclt\u00fcre sahip bu gizemli \u015fehrin t\u00fcm s\u0131rlar\u0131n\u0131 sizinle payla\u015facakt\u0131r. Euro Design Otel\u2019de kalmay\u0131 tercih etti\u011finizde, \u0130stanbul\u2019un tarihi\u00a0 ve k\u00fclt\u00fcrel mekanlar\u0131n\u0131n yan\u0131 ba\u015f\u0131nda oldu\u011funuzdan emin olabilirsiniz. Euro Design oteli \u0130stanbul\u2019un kalbi olan tarihi yar\u0131madada yer al\u0131r. \u0130stanbul\u2019un olmazsa olmazlar\u0131n\u0131n bir \u00e7o\u011funun yer ald\u0131\u011f\u0131 b\u00f6lgedir buras\u0131. \u201cDe\u011ferli olan, harcad\u0131\u011f\u0131n\u0131z zamand\u0131r\u201d anlay\u0131\u015f\u0131 ile yola \u00e7\u0131karak, hizmet\u00a0 kalitesi anlam\u0131nda en \u00fcst seviyeyi hedeflerken, bu s\u0131cak ve tarihi ortamda konforun en iyi \u015fekilde sa\u011flanmas\u0131 gerekti\u011fini d\u00fc\u015f\u00fcn\u00fcyoruz.<\/p>\n<p>[\/vc_column_text][\/vc_column][\/vc_row][vc_row el_id=&#8221;mobil&#8221;][vc_column width=&#8221;1\/2&#8243; css=&#8221;.vc_custom_1573712091152{margin-top: 10px !important;margin-bottom: 10px !important;padding-top: 50px !important;padding-bottom: 10px !important;}&#8221; offset=&#8221;vc_hidden-lg vc_hidden-md vc_hidden-sm&#8221;]<div style=\"background-color:;height: 10px\" class=\"nicdark_section  \"><\/div>[vc_single_image image=&#8221;2202&#8243; img_size=&#8221;full&#8221;][\/vc_column][vc_column width=&#8221;1\/2&#8243; css=&#8221;.vc_custom_1573712055782{margin-top: 50px !important;margin-bottom: 10px !important;padding-top: 0px !important;padding-bottom: 50px !important;}&#8221; offset=&#8221;vc_hidden-lg vc_hidden-md vc_hidden-sm&#8221;][vc_column_text el_class=&#8221;nd_options_text_align_center_responsive&#8221;]<\/p>\n<h3 style=\"text-align: center;\"><strong>EURO DESIGN HOTEL<\/strong><\/h3>\n<p>&nbsp;<\/p>\n<h2 class=\"font-custom1\" style=\"text-align: center;\"><span style=\"color: #ca984b;\">Geleneksel misafirperverli\u011fin modern mimarisi ile bulu\u015ftu\u011fu otel<\/span><\/h2>\n<p>&nbsp;<\/p>\n<p style=\"text-align: center;\">Euro Design Hotel, modern d\u00f6\u015fenmi\u015f l\u00fcks odalar\u0131yla size konforlu bir ortam sunar. Konuklar\u0131m\u0131z\u0131n konforu i\u00e7in odalar\u0131m\u0131zda modern ve estetik anlay\u0131\u015f\u0131 bir arad\u0131r. Euro Design otelimiz \u015f\u0131k bir dekora sahiptir. Otele geldi\u011finiz ilk andan itibaren konforun tad\u0131n\u0131 \u00e7\u0131karabilirsiniz. Otelin tasar\u0131m\u0131, \u00f6zg\u00fcnl\u00fc\u011f\u00fcn modernize edilip l\u00fcks ile harmanlanm\u0131\u015f haliyle \u2018Ya\u015fam\u0131n kalbi\u2019 olan tarihi yar\u0131madan\u0131n merkezini ya\u015faman\u0131z i\u00e7in size bir\u00e7ok imkan sa\u011flamaktad\u0131r. Kadifenin s\u0131cak tonlar\u0131yla d\u00f6\u015fenmi\u015f mobilyalar ve Carrera ve Portoro mermerinden yap\u0131lm\u0131\u015f modern minimalist bir resepsiyon ile konuklar\u0131m\u0131za s\u0131cak bir merhaba diyoruz. Misafirlerimizin konaklamalar\u0131n\u0131 e\u015fsiz k\u0131lmak, bizden ve g\u00fczel \u0130stanbul\u2019umuzdan ayr\u0131l\u0131rken akl\u0131n\u0131zda kalacak tatl\u0131 an\u0131lar b\u0131rakabilmek i\u00e7in t\u00fcm ekibimiz hizmetinizde olacakt\u0131r. Otelimiz nefes kesici ve karakteristik bir k\u00fclt\u00fcre sahip bu gizemli \u015fehrin t\u00fcm s\u0131rlar\u0131n\u0131 sizinle payla\u015facakt\u0131r. Euro Design Otel\u2019de kalmay\u0131 tercih etti\u011finizde, \u0130stanbul\u2019un tarihi\u00a0 ve k\u00fclt\u00fcrel mekanlar\u0131n\u0131n yan\u0131 ba\u015f\u0131nda oldu\u011funuzdan emin olabilirsiniz. Euro Design oteli \u0130stanbul\u2019un kalbi olan tarihi yar\u0131madada yer al\u0131r. \u0130stanbul\u2019un olmazsa olmazlar\u0131n\u0131n bir \u00e7o\u011funun yer ald\u0131\u011f\u0131 b\u00f6lgedir buras\u0131. \u201cDe\u011ferli olan, harcad\u0131\u011f\u0131n\u0131z zamand\u0131r\u201d anlay\u0131\u015f\u0131 ile yola \u00e7\u0131karak, hizmet\u00a0 kalitesi anlam\u0131nda en \u00fcst seviyeyi hedeflerken, bu s\u0131cak ve tarihi ortamda konforun en iyi \u015fekilde sa\u011flanmas\u0131 gerekti\u011fini d\u00fc\u015f\u00fcn\u00fcyoruz.<\/p>\n<p>[\/vc_column_text][\/vc_column][\/vc_row][vc_row full_width=&#8221;stretch_row_content_no_spaces&#8221;][vc_column][vc_raw_html css=&#8221;.vc_custom_1647801386225{margin-bottom: -10px !important;}&#8221;]JTNDaWZyYW1lJTIwc3JjJTNEJTIyaHR0cHMlM0ElMkYlMkZ3d3cuZ29vZ2xlLmNvbSUyRm1hcHMlMkZlbWJlZCUzRnBiJTNEJTIxMW0xOCUyMTFtMTIlMjExbTMlMjExZDMwMTAuNTUxNjE3NTAwMzI4JTIxMmQyOC45NzI5NTA3MTU3MTg5NDUlMjEzZDQxLjAxMzE4NjIyNzA3MTI2JTIxMm0zJTIxMWYwJTIxMmYwJTIxM2YwJTIxM20yJTIxMWkxMDI0JTIxMmk3NjglMjE0ZjEzLjElMjEzbTMlMjExbTIlMjExczB4MTRjYWI5OTU0NWMyYzZiNSUyNTNBMHg4NmY4YjYwMzYwY2IxN2QzJTIxMnNFdXJvJTI1MjBEZXNpZ24lMjUyMEhvdGVsJTIxNWUwJTIxM20yJTIxMXN0ciUyMTJzdHIlMjE0djE2NDc4MDEzMzc5MTMlMjE1bTIlMjExc3RyJTIxMnN0ciUyMiUyMHdpZHRoJTNEJTIyMTAwJTI1JTIyJTIwaGVpZ2h0JTNEJTIyNDUwJTIyJTIwc3R5bGUlM0QlMjJib3JkZXIlM0EwJTNCJTIyJTIwYWxsb3dmdWxsc2NyZWVuJTNEJTIyJTIyJTIwbG9hZGluZyUzRCUyMmxhenklMjIlM0UlM0MlMkZpZnJhbWUlM0U=[\/vc_raw_html][\/vc_column][\/vc_row]<\/p>\n<\/div>","protected":false},"excerpt":{"rendered":"<p>[vc_row content_placement=&#8221;middle&#8221;][vc_column width=&#8221;1\/2&#8243; css=&#8221;.vc_custom_1573711768259{margin-top: 10px !important;margin-bottom: 10px !important;padding-top: 100px !important;padding-right: 40px !important;padding-bottom: 100px !important;}&#8221; offset=&#8221;vc_hidden-xs&#8221;][vc_single_image image=&#8221;2202&#8243; img_size=&#8221;full&#8221;][\/vc_column][vc_column width=&#8221;1\/2&#8243; css=&#8221;.vc_custom_1573711760077{margin-top: 50px !important;margin-bottom: 10px !important;padding-top: 100px !important;padding-bottom: 100px !important;}&#8221; offset=&#8221;vc_hidden-xs&#8221;][vc_column_text el_class=&#8221;nd_options_text_align_center_responsive&#8221;] EURO DESIGN HOTEL &nbsp; Geleneksel misafirperverli\u011fin modern mimarisi ile bulu\u015ftu\u011fu otel &nbsp; Euro Design Hotel, modern d\u00f6\u015fenmi\u015f l\u00fcks odalar\u0131yla size konforlu bir ortam sunar. Konuklar\u0131m\u0131z\u0131n konforu [&hellip;]<\/p>\n","protected":false},"author":1,"featured_media":0,"parent":0,"menu_order":0,"comment_status":"closed","ping_status":"closed","template":"","meta":{"footnotes":""},"class_list":["post-2387","page","type-page","status-publish","hentry"],"_links":{"self":[{"href":"https:\/\/eurodesignhotel.com\/en\/wp-json\/wp\/v2\/pages\/2387","targetHints":{"allow":["GET"]}}],"collection":[{"href":"https:\/\/eurodesignhotel.com\/en\/wp-json\/wp\/v2\/pages"}],"about":[{"href":"https:\/\/eurodesignhotel.com\/en\/wp-json\/wp\/v2\/types\/page"}],"author":[{"embeddable":true,"href":"https:\/\/eurodesignhotel.com\/en\/wp-json\/wp\/v2\/users\/1"}],"replies":[{"embeddable":true,"href":"https:\/\/eurodesignhotel.com\/en\/wp-json\/wp\/v2\/comments?post=2387"}],"version-history":[{"count":1,"href":"https:\/\/eurodesignhotel.com\/en\/wp-json\/wp\/v2\/pages\/2387\/revisions"}],"predecessor-version":[{"id":2388,"href":"https:\/\/eurodesignhotel.com\/en\/wp-json\/wp\/v2\/pages\/2387\/revisions\/2388"}],"wp:attachment":[{"href":"https:\/\/eurodesignhotel.com\/en\/wp-json\/wp\/v2\/media?parent=2387"}],"curies":[{"name":"wp","href":"https:\/\/api.w.org\/{rel}","templated":true}]}}